{"id":79,"date":"2025-11-21T14:35:23","date_gmt":"2025-11-21T14:35:23","guid":{"rendered":"https:\/\/170.edukovac.xyz\/?page_id=79"},"modified":"2026-01-05T15:55:52","modified_gmt":"2026-01-05T15:55:52","slug":"komentari-posetilaca","status":"publish","type":"page","link":"https:\/\/170.edukovac.xyz\/index.php\/komentari-posetilaca\/","title":{"rendered":"Komentari posetilaca"},"content":{"rendered":"\t\t<div data-elementor-type=\"wp-page\" data-elementor-id=\"79\" class=\"elementor elementor-79\" data-elementor-post-type=\"page\">\n\t\t\t\t<div class=\"elementor-element elementor-element-727a641 e-flex e-con-boxed e-con e-parent\" data-id=\"727a641\" data-element_type=\"container\">\n\t\t\t\t\t<div class=\"e-con-inner\">\n\t\t\t\t<div class=\"elementor-element elementor-element-59b06f6 elementor-widget elementor-widget-spacer\" data-id=\"59b06f6\" data-element_type=\"widget\" data-widget_type=\"spacer.default\">\n\t\t\t\t\t\t\t<div class=\"elementor-spacer\">\n\t\t\t<div class=\"elementor-spacer-inner\"><\/div>\n\t\t<\/div>\n\t\t\t\t\t\t<\/div>\n\t\t\t\t\t<\/div>\n\t\t\t\t<\/div>\n\t\t<div class=\"elementor-element elementor-element-5540040 e-con-full e-flex e-con e-parent\" data-id=\"5540040\" data-element_type=\"container\">\n\t\t\t\t<div class=\"elementor-element elementor-element-da5af29 elementor-widget elementor-widget-heading\" data-id=\"da5af29\" data-element_type=\"widget\" data-widget_type=\"heading.default\">\n\t\t\t\t\t<h2 class=\"elementor-heading-title elementor-size-default\">Komentari posetilaca<\/h2>\t\t\t\t<\/div>\n\t\t\t\t<\/div>\n\t\t<div class=\"elementor-element elementor-element-e60637a e-con-full e-flex e-con e-parent\" data-id=\"e60637a\" data-element_type=\"container\">\n\t\t\t\t<div class=\"elementor-element elementor-element-a19d44f elementor-widget elementor-widget-text-editor\" data-id=\"a19d44f\" data-element_type=\"widget\" data-widget_type=\"text-editor.default\">\n\t\t\t\t\t\t\t\t\t<p>Kafeterija <strong data-start=\"186\" data-end=\"194\">JAVA<\/strong> je postala omiljena stanica mnogih ljubitelja kafe, a ono \u0161to nas najvi\u0161e raduje jesu upravo njihovi utisci. Gosti \u010desto isti\u010du da je atmosfera u lokalu \u201ckao mala oaza mira u centru Beograda\u201d \u2014 mesto gde se opu\u0161teno u\u017eiva, bilo da dolaze sami, sa dru\u0161tvom ili u pauzi od posla.<\/p><p>Gosti \u010desto isti\u010du da se kvalitet i sve\u017eina na\u0161e kafe ose\u0107aju ve\u0107 na prvi gutljaj i da je kafeterija JAVA postala mesto kom se rado vra\u0107aju!<\/p>\t\t\t\t\t\t\t\t<\/div>\n\t\t\t\t<\/div>\n\t\t<div class=\"elementor-element elementor-element-81f6c5c e-con-full e-flex e-con e-parent\" data-id=\"81f6c5c\" data-element_type=\"container\">\n\t\t\t\t<div class=\"elementor-element elementor-element-f091780 elementor-widget elementor-widget-shortcode\" data-id=\"f091780\" data-element_type=\"widget\" data-widget_type=\"shortcode.default\">\n\t\t\t\t\t\t\t<div class=\"elementor-shortcode\"><\/div>\n\t\t\t\t\t\t<\/div>\n\t\t\t\t<\/div>\n\t\t\t\t<\/div>\n\t\t","protected":false},"excerpt":{"rendered":"<p>Komentari posetilaca Kafeterija JAVA je postala omiljena stanica mnogih ljubitelja kafe, a ono \u0161to nas najvi\u0161e raduje jesu upravo njihovi utisci. Gosti \u010desto isti\u010du da je atmosfera u lokalu \u201ckao mala oaza mira u centru Beograda\u201d \u2014 mesto gde se opu\u0161teno u\u017eiva, bilo da dolaze sami, sa dru\u0161tvom ili u pauzi od posla. Gosti \u010desto [&hellip;]<\/p>\n","protected":false},"author":1,"featured_media":0,"parent":0,"menu_order":0,"comment_status":"closed","ping_status":"closed","template":"","meta":{"footnotes":""},"class_list":["post-79","page","type-page","status-publish","hentry"],"yoast_head":"<!-- This site is optimized with the Yoast SEO plugin v26.6 - https:\/\/yoast.com\/wordpress\/plugins\/seo\/ -->\n<title>Komentari posetilaca - Kafeterija JAVA<\/title>\n<meta name=\"robots\" content=\"index, follow, max-snippet:-1, max-image-preview:large, max-video-preview:-1\" \/>\n<link rel=\"canonical\" href=\"https:\/\/170.edukovac.xyz\/index.php\/komentari-posetilaca\/\" \/>\n<meta property=\"og:locale\" content=\"en_US\" \/>\n<meta property=\"og:type\" content=\"article\" \/>\n<meta property=\"og:title\" content=\"Komentari posetilaca - Kafeterija JAVA\" \/>\n<meta property=\"og:description\" content=\"Komentari posetilaca Kafeterija JAVA je postala omiljena stanica mnogih ljubitelja kafe, a ono \u0161to nas najvi\u0161e raduje jesu upravo njihovi utisci. Gosti \u010desto isti\u010du da je atmosfera u lokalu \u201ckao mala oaza mira u centru Beograda\u201d \u2014 mesto gde se opu\u0161teno u\u017eiva, bilo da dolaze sami, sa dru\u0161tvom ili u pauzi od posla. Gosti \u010desto [&hellip;]\" \/>\n<meta property=\"og:url\" content=\"https:\/\/170.edukovac.xyz\/index.php\/komentari-posetilaca\/\" \/>\n<meta property=\"og:site_name\" content=\"Kafeterija JAVA\" \/>\n<meta property=\"article:modified_time\" content=\"2026-01-05T15:55:52+00:00\" \/>\n<meta name=\"twitter:card\" content=\"summary_large_image\" \/>\n<meta name=\"twitter:label1\" content=\"Est. reading time\" \/>\n\t<meta name=\"twitter:data1\" content=\"1 minute\" \/>\n<script type=\"application\/ld+json\" class=\"yoast-schema-graph\">{\"@context\":\"https:\/\/schema.org\",\"@graph\":[{\"@type\":\"WebPage\",\"@id\":\"https:\/\/170.edukovac.xyz\/index.php\/komentari-posetilaca\/\",\"url\":\"https:\/\/170.edukovac.xyz\/index.php\/komentari-posetilaca\/\",\"name\":\"Komentari posetilaca - Kafeterija JAVA\",\"isPartOf\":{\"@id\":\"https:\/\/170.edukovac.xyz\/#website\"},\"datePublished\":\"2025-11-21T14:35:23+00:00\",\"dateModified\":\"2026-01-05T15:55:52+00:00\",\"breadcrumb\":{\"@id\":\"https:\/\/170.edukovac.xyz\/index.php\/komentari-posetilaca\/#breadcrumb\"},\"inLanguage\":\"en-US\",\"potentialAction\":[{\"@type\":\"ReadAction\",\"target\":[\"https:\/\/170.edukovac.xyz\/index.php\/komentari-posetilaca\/\"]}]},{\"@type\":\"BreadcrumbList\",\"@id\":\"https:\/\/170.edukovac.xyz\/index.php\/komentari-posetilaca\/#breadcrumb\",\"itemListElement\":[{\"@type\":\"ListItem\",\"position\":1,\"name\":\"Home\",\"item\":\"https:\/\/170.edukovac.xyz\/\"},{\"@type\":\"ListItem\",\"position\":2,\"name\":\"Komentari posetilaca\"}]},{\"@type\":\"WebSite\",\"@id\":\"https:\/\/170.edukovac.xyz\/#website\",\"url\":\"https:\/\/170.edukovac.xyz\/\",\"name\":\"Kafeterija JAVA\",\"description\":\"\",\"potentialAction\":[{\"@type\":\"SearchAction\",\"target\":{\"@type\":\"EntryPoint\",\"urlTemplate\":\"https:\/\/170.edukovac.xyz\/?s={search_term_string}\"},\"query-input\":{\"@type\":\"PropertyValueSpecification\",\"valueRequired\":true,\"valueName\":\"search_term_string\"}}],\"inLanguage\":\"en-US\"}]}<\/script>\n<!-- \/ Yoast SEO plugin. -->","yoast_head_json":{"title":"Komentari posetilaca - Kafeterija JAVA","robots":{"index":"index","follow":"follow","max-snippet":"max-snippet:-1","max-image-preview":"max-image-preview:large","max-video-preview":"max-video-preview:-1"},"canonical":"https:\/\/170.edukovac.xyz\/index.php\/komentari-posetilaca\/","og_locale":"en_US","og_type":"article","og_title":"Komentari posetilaca - Kafeterija JAVA","og_description":"Komentari posetilaca Kafeterija JAVA je postala omiljena stanica mnogih ljubitelja kafe, a ono \u0161to nas najvi\u0161e raduje jesu upravo njihovi utisci. Gosti \u010desto isti\u010du da je atmosfera u lokalu \u201ckao mala oaza mira u centru Beograda\u201d \u2014 mesto gde se opu\u0161teno u\u017eiva, bilo da dolaze sami, sa dru\u0161tvom ili u pauzi od posla. Gosti \u010desto [&hellip;]","og_url":"https:\/\/170.edukovac.xyz\/index.php\/komentari-posetilaca\/","og_site_name":"Kafeterija JAVA","article_modified_time":"2026-01-05T15:55:52+00:00","twitter_card":"summary_large_image","twitter_misc":{"Est. reading time":"1 minute"},"schema":{"@context":"https:\/\/schema.org","@graph":[{"@type":"WebPage","@id":"https:\/\/170.edukovac.xyz\/index.php\/komentari-posetilaca\/","url":"https:\/\/170.edukovac.xyz\/index.php\/komentari-posetilaca\/","name":"Komentari posetilaca - Kafeterija JAVA","isPartOf":{"@id":"https:\/\/170.edukovac.xyz\/#website"},"datePublished":"2025-11-21T14:35:23+00:00","dateModified":"2026-01-05T15:55:52+00:00","breadcrumb":{"@id":"https:\/\/170.edukovac.xyz\/index.php\/komentari-posetilaca\/#breadcrumb"},"inLanguage":"en-US","potentialAction":[{"@type":"ReadAction","target":["https:\/\/170.edukovac.xyz\/index.php\/komentari-posetilaca\/"]}]},{"@type":"BreadcrumbList","@id":"https:\/\/170.edukovac.xyz\/index.php\/komentari-posetilaca\/#breadcrumb","itemListElement":[{"@type":"ListItem","position":1,"name":"Home","item":"https:\/\/170.edukovac.xyz\/"},{"@type":"ListItem","position":2,"name":"Komentari posetilaca"}]},{"@type":"WebSite","@id":"https:\/\/170.edukovac.xyz\/#website","url":"https:\/\/170.edukovac.xyz\/","name":"Kafeterija JAVA","description":"","potentialAction":[{"@type":"SearchAction","target":{"@type":"EntryPoint","urlTemplate":"https:\/\/170.edukovac.xyz\/?s={search_term_string}"},"query-input":{"@type":"PropertyValueSpecification","valueRequired":true,"valueName":"search_term_string"}}],"inLanguage":"en-US"}]}},"_links":{"self":[{"href":"https:\/\/170.edukovac.xyz\/index.php\/wp-json\/wp\/v2\/pages\/79","targetHints":{"allow":["GET"]}}],"collection":[{"href":"https:\/\/170.edukovac.xyz\/index.php\/wp-json\/wp\/v2\/pages"}],"about":[{"href":"https:\/\/170.edukovac.xyz\/index.php\/wp-json\/wp\/v2\/types\/page"}],"author":[{"embeddable":true,"href":"https:\/\/170.edukovac.xyz\/index.php\/wp-json\/wp\/v2\/users\/1"}],"replies":[{"embeddable":true,"href":"https:\/\/170.edukovac.xyz\/index.php\/wp-json\/wp\/v2\/comments?post=79"}],"version-history":[{"count":100,"href":"https:\/\/170.edukovac.xyz\/index.php\/wp-json\/wp\/v2\/pages\/79\/revisions"}],"predecessor-version":[{"id":384,"href":"https:\/\/170.edukovac.xyz\/index.php\/wp-json\/wp\/v2\/pages\/79\/revisions\/384"}],"wp:attachment":[{"href":"https:\/\/170.edukovac.xyz\/index.php\/wp-json\/wp\/v2\/media?parent=79"}],"curies":[{"name":"wp","href":"https:\/\/api.w.org\/{rel}","templated":true}]}}