{"id":77,"date":"2025-11-21T14:34:52","date_gmt":"2025-11-21T14:34:52","guid":{"rendered":"https:\/\/170.edukovac.xyz\/?page_id=77"},"modified":"2025-11-23T18:36:54","modified_gmt":"2025-11-23T18:36:54","slug":"lokacija","status":"publish","type":"page","link":"https:\/\/170.edukovac.xyz\/index.php\/lokacija\/","title":{"rendered":"Lokacija i radno vreme"},"content":{"rendered":"\t\t<div data-elementor-type=\"wp-page\" data-elementor-id=\"77\" class=\"elementor elementor-77\" data-elementor-post-type=\"page\">\n\t\t\t\t<div class=\"elementor-element elementor-element-df58386 e-flex e-con-boxed e-con e-parent\" data-id=\"df58386\" data-element_type=\"container\">\n\t\t\t\t\t<div class=\"e-con-inner\">\n\t\t\t\t<div class=\"elementor-element elementor-element-cdd784c elementor-widget elementor-widget-spacer\" data-id=\"cdd784c\" data-element_type=\"widget\" data-widget_type=\"spacer.default\">\n\t\t\t\t\t\t\t<div class=\"elementor-spacer\">\n\t\t\t<div class=\"elementor-spacer-inner\"><\/div>\n\t\t<\/div>\n\t\t\t\t\t\t<\/div>\n\t\t\t\t\t<\/div>\n\t\t\t\t<\/div>\n\t\t<div class=\"elementor-element elementor-element-6da2b52 e-con-full e-flex e-con e-parent\" data-id=\"6da2b52\" data-element_type=\"container\">\n\t\t\t\t<div class=\"elementor-element elementor-element-0bd5267 elementor-widget elementor-widget-heading\" data-id=\"0bd5267\" data-element_type=\"widget\" data-widget_type=\"heading.default\">\n\t\t\t\t\t<h2 class=\"elementor-heading-title elementor-size-default\">Lokacija i radno vreme<\/h2>\t\t\t\t<\/div>\n\t\t\t\t<\/div>\n\t\t<div class=\"elementor-element elementor-element-5f8dbe5 e-con-full e-flex e-con e-parent\" data-id=\"5f8dbe5\" data-element_type=\"container\">\n\t\t\t\t<div class=\"elementor-element elementor-element-6977d66 elementor-widget elementor-widget-text-editor\" data-id=\"6977d66\" data-element_type=\"widget\" data-widget_type=\"text-editor.default\">\n\t\t\t\t\t\t\t\t\t<p data-start=\"176\" data-end=\"344\">U samom srcu Beograda, na adresi <strong data-start=\"209\" data-end=\"229\">Andre Nikoli\u0107a 7<\/strong>, nalazi se <strong data-start=\"241\" data-end=\"256\">Java Coffee<\/strong>, mesto gde kafa nije samo napitak \u2014 ve\u0107 iskustvo.<\/p><p data-start=\"346\" data-end=\"644\">Ovaj \u0161armantni lokal je idealan za jutarnje bu\u0111enje uz miris sve\u017ee pr\u017eene kafe, ali i za popodnevni predah tokom \u0161etnje gradom. Radimo skoro cele dane: radnim danima od <strong data-start=\"515\" data-end=\"533\">07:00 do 23:00<\/strong>, a vikendom po\u010dinjemo od <strong data-start=\"559\" data-end=\"568\">08:00<\/strong>, tako da nas lako uklopi\u0161 u svoj dan.<\/p>\t\t\t\t\t\t\t\t<\/div>\n\t\t\t\t<\/div>\n\t\t<div class=\"elementor-element elementor-element-818bf18 e-flex e-con-boxed e-con e-parent\" data-id=\"818bf18\" data-element_type=\"container\">\n\t\t\t\t\t<div class=\"e-con-inner\">\n\t\t\t\t<div class=\"elementor-element elementor-element-dedbd24 elementor-widget elementor-widget-google_maps\" data-id=\"dedbd24\" data-element_type=\"widget\" data-widget_type=\"google_maps.default\">\n\t\t\t\t\t\t\t<div class=\"elementor-custom-embed\">\n\t\t\t<iframe loading=\"lazy\"\n\t\t\t\t\tsrc=\"https:\/\/maps.google.com\/maps?q=Andre%20Nikolica%207&#038;t=m&#038;z=16&#038;output=embed&#038;iwloc=near\"\n\t\t\t\t\ttitle=\"Andre Nikolica 7\"\n\t\t\t\t\taria-label=\"Andre Nikolica 7\"\n\t\t\t><\/iframe>\n\t\t<\/div>\n\t\t\t\t\t\t<\/div>\n\t\t\t\t\t<\/div>\n\t\t\t\t<\/div>\n\t\t<div class=\"elementor-element elementor-element-9bc38c8 e-flex e-con-boxed e-con e-parent\" data-id=\"9bc38c8\" data-element_type=\"container\">\n\t\t\t\t\t<div class=\"e-con-inner\">\n\t\t\t\t\t<\/div>\n\t\t\t\t<\/div>\n\t\t\t\t<\/div>\n\t\t","protected":false},"excerpt":{"rendered":"<p>Lokacija i radno vreme U samom srcu Beograda, na adresi Andre Nikoli\u0107a 7, nalazi se Java Coffee, mesto gde kafa nije samo napitak \u2014 ve\u0107 iskustvo. Ovaj \u0161armantni lokal je idealan za jutarnje bu\u0111enje uz miris sve\u017ee pr\u017eene kafe, ali i za popodnevni predah tokom \u0161etnje gradom. Radimo skoro cele dane: radnim danima od 07:00 [&hellip;]<\/p>\n","protected":false},"author":1,"featured_media":0,"parent":0,"menu_order":0,"comment_status":"closed","ping_status":"closed","template":"","meta":{"footnotes":""},"class_list":["post-77","page","type-page","status-publish","hentry"],"yoast_head":"<!-- This site is optimized with the Yoast SEO plugin v26.6 - https:\/\/yoast.com\/wordpress\/plugins\/seo\/ -->\n<title>Lokacija i radno vreme - Kafeterija JAVA<\/title>\n<meta name=\"robots\" content=\"index, follow, max-snippet:-1, max-image-preview:large, max-video-preview:-1\" \/>\n<link rel=\"canonical\" href=\"https:\/\/170.edukovac.xyz\/index.php\/lokacija\/\" \/>\n<meta property=\"og:locale\" content=\"en_US\" \/>\n<meta property=\"og:type\" content=\"article\" \/>\n<meta property=\"og:title\" content=\"Lokacija i radno vreme - Kafeterija JAVA\" \/>\n<meta property=\"og:description\" content=\"Lokacija i radno vreme U samom srcu Beograda, na adresi Andre Nikoli\u0107a 7, nalazi se Java Coffee, mesto gde kafa nije samo napitak \u2014 ve\u0107 iskustvo. Ovaj \u0161armantni lokal je idealan za jutarnje bu\u0111enje uz miris sve\u017ee pr\u017eene kafe, ali i za popodnevni predah tokom \u0161etnje gradom. Radimo skoro cele dane: radnim danima od 07:00 [&hellip;]\" \/>\n<meta property=\"og:url\" content=\"https:\/\/170.edukovac.xyz\/index.php\/lokacija\/\" \/>\n<meta property=\"og:site_name\" content=\"Kafeterija JAVA\" \/>\n<meta property=\"article:modified_time\" content=\"2025-11-23T18:36:54+00:00\" \/>\n<meta name=\"twitter:card\" content=\"summary_large_image\" \/>\n<script type=\"application\/ld+json\" class=\"yoast-schema-graph\">{\"@context\":\"https:\/\/schema.org\",\"@graph\":[{\"@type\":\"WebPage\",\"@id\":\"https:\/\/170.edukovac.xyz\/index.php\/lokacija\/\",\"url\":\"https:\/\/170.edukovac.xyz\/index.php\/lokacija\/\",\"name\":\"Lokacija i radno vreme - Kafeterija JAVA\",\"isPartOf\":{\"@id\":\"https:\/\/170.edukovac.xyz\/#website\"},\"datePublished\":\"2025-11-21T14:34:52+00:00\",\"dateModified\":\"2025-11-23T18:36:54+00:00\",\"breadcrumb\":{\"@id\":\"https:\/\/170.edukovac.xyz\/index.php\/lokacija\/#breadcrumb\"},\"inLanguage\":\"en-US\",\"potentialAction\":[{\"@type\":\"ReadAction\",\"target\":[\"https:\/\/170.edukovac.xyz\/index.php\/lokacija\/\"]}]},{\"@type\":\"BreadcrumbList\",\"@id\":\"https:\/\/170.edukovac.xyz\/index.php\/lokacija\/#breadcrumb\",\"itemListElement\":[{\"@type\":\"ListItem\",\"position\":1,\"name\":\"Home\",\"item\":\"https:\/\/170.edukovac.xyz\/\"},{\"@type\":\"ListItem\",\"position\":2,\"name\":\"Lokacija i radno vreme\"}]},{\"@type\":\"WebSite\",\"@id\":\"https:\/\/170.edukovac.xyz\/#website\",\"url\":\"https:\/\/170.edukovac.xyz\/\",\"name\":\"Kafeterija JAVA\",\"description\":\"\",\"potentialAction\":[{\"@type\":\"SearchAction\",\"target\":{\"@type\":\"EntryPoint\",\"urlTemplate\":\"https:\/\/170.edukovac.xyz\/?s={search_term_string}\"},\"query-input\":{\"@type\":\"PropertyValueSpecification\",\"valueRequired\":true,\"valueName\":\"search_term_string\"}}],\"inLanguage\":\"en-US\"}]}<\/script>\n<!-- \/ Yoast SEO plugin. -->","yoast_head_json":{"title":"Lokacija i radno vreme - Kafeterija JAVA","robots":{"index":"index","follow":"follow","max-snippet":"max-snippet:-1","max-image-preview":"max-image-preview:large","max-video-preview":"max-video-preview:-1"},"canonical":"https:\/\/170.edukovac.xyz\/index.php\/lokacija\/","og_locale":"en_US","og_type":"article","og_title":"Lokacija i radno vreme - Kafeterija JAVA","og_description":"Lokacija i radno vreme U samom srcu Beograda, na adresi Andre Nikoli\u0107a 7, nalazi se Java Coffee, mesto gde kafa nije samo napitak \u2014 ve\u0107 iskustvo. Ovaj \u0161armantni lokal je idealan za jutarnje bu\u0111enje uz miris sve\u017ee pr\u017eene kafe, ali i za popodnevni predah tokom \u0161etnje gradom. Radimo skoro cele dane: radnim danima od 07:00 [&hellip;]","og_url":"https:\/\/170.edukovac.xyz\/index.php\/lokacija\/","og_site_name":"Kafeterija JAVA","article_modified_time":"2025-11-23T18:36:54+00:00","twitter_card":"summary_large_image","schema":{"@context":"https:\/\/schema.org","@graph":[{"@type":"WebPage","@id":"https:\/\/170.edukovac.xyz\/index.php\/lokacija\/","url":"https:\/\/170.edukovac.xyz\/index.php\/lokacija\/","name":"Lokacija i radno vreme - Kafeterija JAVA","isPartOf":{"@id":"https:\/\/170.edukovac.xyz\/#website"},"datePublished":"2025-11-21T14:34:52+00:00","dateModified":"2025-11-23T18:36:54+00:00","breadcrumb":{"@id":"https:\/\/170.edukovac.xyz\/index.php\/lokacija\/#breadcrumb"},"inLanguage":"en-US","potentialAction":[{"@type":"ReadAction","target":["https:\/\/170.edukovac.xyz\/index.php\/lokacija\/"]}]},{"@type":"BreadcrumbList","@id":"https:\/\/170.edukovac.xyz\/index.php\/lokacija\/#breadcrumb","itemListElement":[{"@type":"ListItem","position":1,"name":"Home","item":"https:\/\/170.edukovac.xyz\/"},{"@type":"ListItem","position":2,"name":"Lokacija i radno vreme"}]},{"@type":"WebSite","@id":"https:\/\/170.edukovac.xyz\/#website","url":"https:\/\/170.edukovac.xyz\/","name":"Kafeterija JAVA","description":"","potentialAction":[{"@type":"SearchAction","target":{"@type":"EntryPoint","urlTemplate":"https:\/\/170.edukovac.xyz\/?s={search_term_string}"},"query-input":{"@type":"PropertyValueSpecification","valueRequired":true,"valueName":"search_term_string"}}],"inLanguage":"en-US"}]}},"_links":{"self":[{"href":"https:\/\/170.edukovac.xyz\/index.php\/wp-json\/wp\/v2\/pages\/77","targetHints":{"allow":["GET"]}}],"collection":[{"href":"https:\/\/170.edukovac.xyz\/index.php\/wp-json\/wp\/v2\/pages"}],"about":[{"href":"https:\/\/170.edukovac.xyz\/index.php\/wp-json\/wp\/v2\/types\/page"}],"author":[{"embeddable":true,"href":"https:\/\/170.edukovac.xyz\/index.php\/wp-json\/wp\/v2\/users\/1"}],"replies":[{"embeddable":true,"href":"https:\/\/170.edukovac.xyz\/index.php\/wp-json\/wp\/v2\/comments?post=77"}],"version-history":[{"count":14,"href":"https:\/\/170.edukovac.xyz\/index.php\/wp-json\/wp\/v2\/pages\/77\/revisions"}],"predecessor-version":[{"id":299,"href":"https:\/\/170.edukovac.xyz\/index.php\/wp-json\/wp\/v2\/pages\/77\/revisions\/299"}],"wp:attachment":[{"href":"https:\/\/170.edukovac.xyz\/index.php\/wp-json\/wp\/v2\/media?parent=77"}],"curies":[{"name":"wp","href":"https:\/\/api.w.org\/{rel}","templated":true}]}}