{"id":75,"date":"2025-11-21T14:34:13","date_gmt":"2025-11-21T14:34:13","guid":{"rendered":"https:\/\/170.edukovac.xyz\/?page_id=75"},"modified":"2025-11-23T15:39:13","modified_gmt":"2025-11-23T15:39:13","slug":"specijalna-ponuda","status":"publish","type":"page","link":"https:\/\/170.edukovac.xyz\/index.php\/specijalna-ponuda\/","title":{"rendered":"Specijalna ponuda"},"content":{"rendered":"\t\t<div data-elementor-type=\"wp-page\" data-elementor-id=\"75\" class=\"elementor elementor-75\" data-elementor-post-type=\"page\">\n\t\t\t\t<div class=\"elementor-element elementor-element-390d006 e-flex e-con-boxed e-con e-parent\" data-id=\"390d006\" data-element_type=\"container\">\n\t\t\t\t\t<div class=\"e-con-inner\">\n\t\t\t\t<div class=\"elementor-element elementor-element-2903a99 elementor-widget elementor-widget-spacer\" data-id=\"2903a99\" data-element_type=\"widget\" data-widget_type=\"spacer.default\">\n\t\t\t\t\t\t\t<div class=\"elementor-spacer\">\n\t\t\t<div class=\"elementor-spacer-inner\"><\/div>\n\t\t<\/div>\n\t\t\t\t\t\t<\/div>\n\t\t\t\t\t<\/div>\n\t\t\t\t<\/div>\n\t\t<div class=\"elementor-element elementor-element-0e93110 e-flex e-con-boxed e-con e-parent\" data-id=\"0e93110\" data-element_type=\"container\">\n\t\t\t\t\t<div class=\"e-con-inner\">\n\t\t\t\t<div class=\"elementor-element elementor-element-dce0d94 elementor-widget elementor-widget-heading\" data-id=\"dce0d94\" data-element_type=\"widget\" data-widget_type=\"heading.default\">\n\t\t\t\t\t<h2 class=\"elementor-heading-title elementor-size-default\">Specijalna ponuda<\/h2>\t\t\t\t<\/div>\n\t\t\t\t\t<\/div>\n\t\t\t\t<\/div>\n\t\t<div class=\"elementor-element elementor-element-937c770 e-flex e-con-boxed e-con e-parent\" data-id=\"937c770\" data-element_type=\"container\">\n\t\t\t\t\t<div class=\"e-con-inner\">\n\t\t\t\t<div class=\"elementor-element elementor-element-07ed06a elementor-widget elementor-widget-text-editor\" data-id=\"07ed06a\" data-element_type=\"widget\" data-widget_type=\"text-editor.default\">\n\t\t\t\t\t\t\t\t\t<p data-start=\"125\" data-end=\"278\">U\u017eivaj u savr\u0161enom po\u010detku dana uz na\u0161u posebnu akciju!<br data-start=\"180\" data-end=\"183\" \/>Svakog jutra, u periodu <strong data-start=\"207\" data-end=\"223\">od 8h do 10h<\/strong>, uz <strong data-start=\"228\" data-end=\"278\">svaku kupljenu kafu \u2013 druga je potpuno gratis!<\/strong><\/p><p data-start=\"280\" data-end=\"469\">Bilo da bira\u0161 klasi\u010dni espresso, kremasti cappuccino ili neku od na\u0161ih jedinstvenih <em data-start=\"364\" data-end=\"375\">signature<\/em> kafa, jutro postaje lep\u0161e kada ga podeli\u0161 \u2013 sa prijateljem, kolegom ili jednostavno sa sobom.<\/p><p data-start=\"471\" data-end=\"594\">Do\u0111i da zajedno zapo\u010dnemo dan uz dobru energiju i jo\u0161 bolju kafu.<br data-start=\"536\" data-end=\"539\" \/><strong data-start=\"539\" data-end=\"594\">Kafeterija JAVA \u2013 gde jutra miri\u0161u na u\u017eivanje. <\/strong><\/p>\t\t\t\t\t\t\t\t<\/div>\n\t\t\t\t\t<\/div>\n\t\t\t\t<\/div>\n\t\t<div class=\"elementor-element elementor-element-94a0453 e-flex e-con-boxed e-con e-parent\" data-id=\"94a0453\" data-element_type=\"container\">\n\t\t\t\t\t<div class=\"e-con-inner\">\n\t\t\t\t<div class=\"elementor-element elementor-element-2e84ef9 elementor-widget elementor-widget-spacer\" data-id=\"2e84ef9\" data-element_type=\"widget\" data-widget_type=\"spacer.default\">\n\t\t\t\t\t\t\t<div class=\"elementor-spacer\">\n\t\t\t<div class=\"elementor-spacer-inner\"><\/div>\n\t\t<\/div>\n\t\t\t\t\t\t<\/div>\n\t\t\t\t\t<\/div>\n\t\t\t\t<\/div>\n\t\t<div class=\"elementor-element elementor-element-efc4685 e-con-full e-flex e-con e-parent\" data-id=\"efc4685\" data-element_type=\"container\">\n\t\t\t\t<div class=\"elementor-element elementor-element-9de6f4d elementor-widget__width-initial elementor-widget elementor-widget-image\" data-id=\"9de6f4d\" data-element_type=\"widget\" data-widget_type=\"image.default\">\n\t\t\t\t\t\t\t\t\t\t\t\t\t\t\t<img fetchpriority=\"high\" decoding=\"async\" width=\"800\" height=\"567\" src=\"https:\/\/170.edukovac.xyz\/wp-content\/uploads\/2025\/11\/WhatsApp-Image-2025-11-23-at-15.27.45-1024x726.jpeg\" class=\"attachment-large size-large wp-image-185\" alt=\"\" srcset=\"https:\/\/170.edukovac.xyz\/wp-content\/uploads\/2025\/11\/WhatsApp-Image-2025-11-23-at-15.27.45-1024x726.jpeg 1024w, https:\/\/170.edukovac.xyz\/wp-content\/uploads\/2025\/11\/WhatsApp-Image-2025-11-23-at-15.27.45-300x213.jpeg 300w, https:\/\/170.edukovac.xyz\/wp-content\/uploads\/2025\/11\/WhatsApp-Image-2025-11-23-at-15.27.45-768x545.jpeg 768w, https:\/\/170.edukovac.xyz\/wp-content\/uploads\/2025\/11\/WhatsApp-Image-2025-11-23-at-15.27.45-1536x1090.jpeg 1536w, https:\/\/170.edukovac.xyz\/wp-content\/uploads\/2025\/11\/WhatsApp-Image-2025-11-23-at-15.27.45.jpeg 1748w\" sizes=\"(max-width: 800px) 100vw, 800px\" \/>\t\t\t\t\t\t\t\t\t\t\t\t\t\t\t<\/div>\n\t\t\t\t<\/div>\n\t\t\t\t<\/div>\n\t\t","protected":false},"excerpt":{"rendered":"<p>Specijalna ponuda U\u017eivaj u savr\u0161enom po\u010detku dana uz na\u0161u posebnu akciju!Svakog jutra, u periodu od 8h do 10h, uz svaku kupljenu kafu \u2013 druga je potpuno gratis! Bilo da bira\u0161 klasi\u010dni espresso, kremasti cappuccino ili neku od na\u0161ih jedinstvenih signature kafa, jutro postaje lep\u0161e kada ga podeli\u0161 \u2013 sa prijateljem, kolegom ili jednostavno sa sobom. [&hellip;]<\/p>\n","protected":false},"author":1,"featured_media":0,"parent":0,"menu_order":0,"comment_status":"closed","ping_status":"closed","template":"","meta":{"footnotes":""},"class_list":["post-75","page","type-page","status-publish","hentry"],"yoast_head":"<!-- This site is optimized with the Yoast SEO plugin v26.6 - https:\/\/yoast.com\/wordpress\/plugins\/seo\/ -->\n<title>Specijalna ponuda - Kafeterija JAVA<\/title>\n<meta name=\"robots\" content=\"index, follow, max-snippet:-1, max-image-preview:large, max-video-preview:-1\" \/>\n<link rel=\"canonical\" href=\"https:\/\/170.edukovac.xyz\/index.php\/specijalna-ponuda\/\" \/>\n<meta property=\"og:locale\" content=\"en_US\" \/>\n<meta property=\"og:type\" content=\"article\" \/>\n<meta property=\"og:title\" content=\"Specijalna ponuda - Kafeterija JAVA\" \/>\n<meta property=\"og:description\" content=\"Specijalna ponuda U\u017eivaj u savr\u0161enom po\u010detku dana uz na\u0161u posebnu akciju!Svakog jutra, u periodu od 8h do 10h, uz svaku kupljenu kafu \u2013 druga je potpuno gratis! Bilo da bira\u0161 klasi\u010dni espresso, kremasti cappuccino ili neku od na\u0161ih jedinstvenih signature kafa, jutro postaje lep\u0161e kada ga podeli\u0161 \u2013 sa prijateljem, kolegom ili jednostavno sa sobom. [&hellip;]\" \/>\n<meta property=\"og:url\" content=\"https:\/\/170.edukovac.xyz\/index.php\/specijalna-ponuda\/\" \/>\n<meta property=\"og:site_name\" content=\"Kafeterija JAVA\" \/>\n<meta property=\"article:modified_time\" content=\"2025-11-23T15:39:13+00:00\" \/>\n<meta property=\"og:image\" content=\"http:\/\/170.edukovac.xyz\/wp-content\/uploads\/2025\/11\/WhatsApp-Image-2025-11-23-at-15.27.45-1024x726.jpeg\" \/>\n<meta name=\"twitter:card\" content=\"summary_large_image\" \/>\n<script type=\"application\/ld+json\" class=\"yoast-schema-graph\">{\"@context\":\"https:\/\/schema.org\",\"@graph\":[{\"@type\":\"WebPage\",\"@id\":\"https:\/\/170.edukovac.xyz\/index.php\/specijalna-ponuda\/\",\"url\":\"https:\/\/170.edukovac.xyz\/index.php\/specijalna-ponuda\/\",\"name\":\"Specijalna ponuda - Kafeterija JAVA\",\"isPartOf\":{\"@id\":\"https:\/\/170.edukovac.xyz\/#website\"},\"primaryImageOfPage\":{\"@id\":\"https:\/\/170.edukovac.xyz\/index.php\/specijalna-ponuda\/#primaryimage\"},\"image\":{\"@id\":\"https:\/\/170.edukovac.xyz\/index.php\/specijalna-ponuda\/#primaryimage\"},\"thumbnailUrl\":\"http:\/\/170.edukovac.xyz\/wp-content\/uploads\/2025\/11\/WhatsApp-Image-2025-11-23-at-15.27.45-1024x726.jpeg\",\"datePublished\":\"2025-11-21T14:34:13+00:00\",\"dateModified\":\"2025-11-23T15:39:13+00:00\",\"breadcrumb\":{\"@id\":\"https:\/\/170.edukovac.xyz\/index.php\/specijalna-ponuda\/#breadcrumb\"},\"inLanguage\":\"en-US\",\"potentialAction\":[{\"@type\":\"ReadAction\",\"target\":[\"https:\/\/170.edukovac.xyz\/index.php\/specijalna-ponuda\/\"]}]},{\"@type\":\"ImageObject\",\"inLanguage\":\"en-US\",\"@id\":\"https:\/\/170.edukovac.xyz\/index.php\/specijalna-ponuda\/#primaryimage\",\"url\":\"http:\/\/170.edukovac.xyz\/wp-content\/uploads\/2025\/11\/WhatsApp-Image-2025-11-23-at-15.27.45-1024x726.jpeg\",\"contentUrl\":\"http:\/\/170.edukovac.xyz\/wp-content\/uploads\/2025\/11\/WhatsApp-Image-2025-11-23-at-15.27.45-1024x726.jpeg\"},{\"@type\":\"BreadcrumbList\",\"@id\":\"https:\/\/170.edukovac.xyz\/index.php\/specijalna-ponuda\/#breadcrumb\",\"itemListElement\":[{\"@type\":\"ListItem\",\"position\":1,\"name\":\"Home\",\"item\":\"https:\/\/170.edukovac.xyz\/\"},{\"@type\":\"ListItem\",\"position\":2,\"name\":\"Specijalna ponuda\"}]},{\"@type\":\"WebSite\",\"@id\":\"https:\/\/170.edukovac.xyz\/#website\",\"url\":\"https:\/\/170.edukovac.xyz\/\",\"name\":\"Kafeterija JAVA\",\"description\":\"\",\"potentialAction\":[{\"@type\":\"SearchAction\",\"target\":{\"@type\":\"EntryPoint\",\"urlTemplate\":\"https:\/\/170.edukovac.xyz\/?s={search_term_string}\"},\"query-input\":{\"@type\":\"PropertyValueSpecification\",\"valueRequired\":true,\"valueName\":\"search_term_string\"}}],\"inLanguage\":\"en-US\"}]}<\/script>\n<!-- \/ Yoast SEO plugin. -->","yoast_head_json":{"title":"Specijalna ponuda - Kafeterija JAVA","robots":{"index":"index","follow":"follow","max-snippet":"max-snippet:-1","max-image-preview":"max-image-preview:large","max-video-preview":"max-video-preview:-1"},"canonical":"https:\/\/170.edukovac.xyz\/index.php\/specijalna-ponuda\/","og_locale":"en_US","og_type":"article","og_title":"Specijalna ponuda - Kafeterija JAVA","og_description":"Specijalna ponuda U\u017eivaj u savr\u0161enom po\u010detku dana uz na\u0161u posebnu akciju!Svakog jutra, u periodu od 8h do 10h, uz svaku kupljenu kafu \u2013 druga je potpuno gratis! Bilo da bira\u0161 klasi\u010dni espresso, kremasti cappuccino ili neku od na\u0161ih jedinstvenih signature kafa, jutro postaje lep\u0161e kada ga podeli\u0161 \u2013 sa prijateljem, kolegom ili jednostavno sa sobom. [&hellip;]","og_url":"https:\/\/170.edukovac.xyz\/index.php\/specijalna-ponuda\/","og_site_name":"Kafeterija JAVA","article_modified_time":"2025-11-23T15:39:13+00:00","og_image":[{"url":"http:\/\/170.edukovac.xyz\/wp-content\/uploads\/2025\/11\/WhatsApp-Image-2025-11-23-at-15.27.45-1024x726.jpeg","type":"","width":"","height":""}],"twitter_card":"summary_large_image","schema":{"@context":"https:\/\/schema.org","@graph":[{"@type":"WebPage","@id":"https:\/\/170.edukovac.xyz\/index.php\/specijalna-ponuda\/","url":"https:\/\/170.edukovac.xyz\/index.php\/specijalna-ponuda\/","name":"Specijalna ponuda - Kafeterija JAVA","isPartOf":{"@id":"https:\/\/170.edukovac.xyz\/#website"},"primaryImageOfPage":{"@id":"https:\/\/170.edukovac.xyz\/index.php\/specijalna-ponuda\/#primaryimage"},"image":{"@id":"https:\/\/170.edukovac.xyz\/index.php\/specijalna-ponuda\/#primaryimage"},"thumbnailUrl":"http:\/\/170.edukovac.xyz\/wp-content\/uploads\/2025\/11\/WhatsApp-Image-2025-11-23-at-15.27.45-1024x726.jpeg","datePublished":"2025-11-21T14:34:13+00:00","dateModified":"2025-11-23T15:39:13+00:00","breadcrumb":{"@id":"https:\/\/170.edukovac.xyz\/index.php\/specijalna-ponuda\/#breadcrumb"},"inLanguage":"en-US","potentialAction":[{"@type":"ReadAction","target":["https:\/\/170.edukovac.xyz\/index.php\/specijalna-ponuda\/"]}]},{"@type":"ImageObject","inLanguage":"en-US","@id":"https:\/\/170.edukovac.xyz\/index.php\/specijalna-ponuda\/#primaryimage","url":"http:\/\/170.edukovac.xyz\/wp-content\/uploads\/2025\/11\/WhatsApp-Image-2025-11-23-at-15.27.45-1024x726.jpeg","contentUrl":"http:\/\/170.edukovac.xyz\/wp-content\/uploads\/2025\/11\/WhatsApp-Image-2025-11-23-at-15.27.45-1024x726.jpeg"},{"@type":"BreadcrumbList","@id":"https:\/\/170.edukovac.xyz\/index.php\/specijalna-ponuda\/#breadcrumb","itemListElement":[{"@type":"ListItem","position":1,"name":"Home","item":"https:\/\/170.edukovac.xyz\/"},{"@type":"ListItem","position":2,"name":"Specijalna ponuda"}]},{"@type":"WebSite","@id":"https:\/\/170.edukovac.xyz\/#website","url":"https:\/\/170.edukovac.xyz\/","name":"Kafeterija JAVA","description":"","potentialAction":[{"@type":"SearchAction","target":{"@type":"EntryPoint","urlTemplate":"https:\/\/170.edukovac.xyz\/?s={search_term_string}"},"query-input":{"@type":"PropertyValueSpecification","valueRequired":true,"valueName":"search_term_string"}}],"inLanguage":"en-US"}]}},"_links":{"self":[{"href":"https:\/\/170.edukovac.xyz\/index.php\/wp-json\/wp\/v2\/pages\/75","targetHints":{"allow":["GET"]}}],"collection":[{"href":"https:\/\/170.edukovac.xyz\/index.php\/wp-json\/wp\/v2\/pages"}],"about":[{"href":"https:\/\/170.edukovac.xyz\/index.php\/wp-json\/wp\/v2\/types\/page"}],"author":[{"embeddable":true,"href":"https:\/\/170.edukovac.xyz\/index.php\/wp-json\/wp\/v2\/users\/1"}],"replies":[{"embeddable":true,"href":"https:\/\/170.edukovac.xyz\/index.php\/wp-json\/wp\/v2\/comments?post=75"}],"version-history":[{"count":19,"href":"https:\/\/170.edukovac.xyz\/index.php\/wp-json\/wp\/v2\/pages\/75\/revisions"}],"predecessor-version":[{"id":221,"href":"https:\/\/170.edukovac.xyz\/index.php\/wp-json\/wp\/v2\/pages\/75\/revisions\/221"}],"wp:attachment":[{"href":"https:\/\/170.edukovac.xyz\/index.php\/wp-json\/wp\/v2\/media?parent=75"}],"curies":[{"name":"wp","href":"https:\/\/api.w.org\/{rel}","templated":true}]}}