{"id":71,"date":"2025-11-21T14:33:15","date_gmt":"2025-11-21T14:33:15","guid":{"rendered":"https:\/\/170.edukovac.xyz\/?page_id=71"},"modified":"2025-11-22T20:58:32","modified_gmt":"2025-11-22T20:58:32","slug":"kafa-java","status":"publish","type":"page","link":"https:\/\/170.edukovac.xyz\/","title":{"rendered":"Kafa JAVA"},"content":{"rendered":"\t\t<div data-elementor-type=\"wp-page\" data-elementor-id=\"71\" class=\"elementor elementor-71\" data-elementor-post-type=\"page\">\n\t\t\t\t<div class=\"elementor-element elementor-element-76bda02 e-flex e-con-boxed e-con e-parent\" data-id=\"76bda02\" data-element_type=\"container\">\n\t\t\t\t\t<div class=\"e-con-inner\">\n\t\t\t\t<div class=\"elementor-element elementor-element-0192337 elementor-widget elementor-widget-heading\" data-id=\"0192337\" data-element_type=\"widget\" data-widget_type=\"heading.default\">\n\t\t\t\t\t<h2 class=\"elementor-heading-title elementor-size-default\">Kafa JAVA<\/h2>\t\t\t\t<\/div>\n\t\t\t\t\t<\/div>\n\t\t\t\t<\/div>\n\t\t<div class=\"elementor-element elementor-element-d90ab24 e-flex e-con-boxed e-con e-parent\" data-id=\"d90ab24\" data-element_type=\"container\">\n\t\t\t\t\t<div class=\"e-con-inner\">\n\t\t\t\t<div class=\"elementor-element elementor-element-b3214aa elementor-widget__width-initial elementor-widget elementor-widget-text-editor\" data-id=\"b3214aa\" data-element_type=\"widget\" data-widget_type=\"text-editor.default\">\n\t\t\t\t\t\t\t\t\t<p>U Kafeteriji JAVA verujemo da dobra kafa po\u010dinje dobrim zrnom. Zato koristimo isklju\u010divo pa\u017eljivo odabranu, visokokvalitetnu kafu poreklom sa planta\u017ea koje neguju tradiciju, \u010disto\u0107u tla i odr\u017eivu proizvodnju. Na\u0161a zrna pr\u017eena su u malim serijama kako bi svaka \u0161oljica zadr\u017eala punu aromu, prirodnu slatko\u0107u i prepoznatljivu dubinu ukusa.<br data-start=\"468\" data-end=\"471\" \/><br data-start=\"628\" data-end=\"631\" \/>A ono najbolje? Istu tu kafu mo\u017ee\u0161 naru\u010diti i poneti ku\u0107i \u2014 u pakovanjima koja \u010duvaju sve\u017einu i aromu, tako da upravo miris JAVA kafe postane deo tvoje svakodnevnice.<br data-start=\"797\" data-end=\"800\" \/>Probaj je jednom i shvati za\u0161to na\u0161i gosti ka\u017eu da se razlika u kvalitetu ose\u0107a ve\u0107 nakon prvog gutljaja<\/p><p>Popuni podatke i u najkra\u0107em roku dobi\u0107e\u0161 sve informacije o naru\u010divanju, kao i specijalan kod od 10% popusta na prvu kupovinu!<\/p>\t\t\t\t\t\t\t\t<\/div>\n\t\t\t\t\t<\/div>\n\t\t\t\t<\/div>\n\t\t<div class=\"elementor-element elementor-element-1fcef20 e-flex e-con-boxed e-con e-parent\" data-id=\"1fcef20\" data-element_type=\"container\">\n\t\t\t\t\t<div class=\"e-con-inner\">\n\t\t\t\t<div class=\"elementor-element elementor-element-15a5ba2 elementor-button-align-stretch elementor-widget elementor-widget-form\" data-id=\"15a5ba2\" data-element_type=\"widget\" data-settings=\"{&quot;step_next_label&quot;:&quot;Next&quot;,&quot;step_previous_label&quot;:&quot;Previous&quot;,&quot;button_width&quot;:&quot;100&quot;,&quot;step_type&quot;:&quot;number_text&quot;,&quot;step_icon_shape&quot;:&quot;circle&quot;}\" data-widget_type=\"form.default\">\n\t\t\t\t<div class=\"elementor-widget-container\">\n\t\t\t\t\t\t\t<form class=\"elementor-form\" method=\"post\" name=\"New Form\">\n\t\t\t<input type=\"hidden\" name=\"post_id\" value=\"71\"\/>\n\t\t\t<input type=\"hidden\" name=\"form_id\" value=\"15a5ba2\"\/>\n\t\t\t<input type=\"hidden\" name=\"referer_title\" value=\"Kafeterija JAVA\" \/>\n\n\t\t\t\n\t\t\t<div class=\"elementor-form-fields-wrapper elementor-labels-above\">\n\t\t\t\t\t\t\t\t<div class=\"elementor-field-type-text elementor-field-group elementor-column elementor-field-group-name elementor-col-100\">\n\t\t\t\t\t\t\t\t\t\t\t\t<label for=\"form-field-name\" class=\"elementor-field-label\">\n\t\t\t\t\t\t\t\tIme i prezime\t\t\t\t\t\t\t<\/label>\n\t\t\t\t\t\t\t\t\t\t\t\t\t\t<input size=\"1\" type=\"text\" name=\"form_fields[name]\" id=\"form-field-name\" class=\"elementor-field elementor-size-sm  elementor-field-textual\">\n\t\t\t\t\t\t\t\t\t\t\t<\/div>\n\t\t\t\t\t\t\t\t<div class=\"elementor-field-type-email elementor-field-group elementor-column elementor-field-group-email elementor-col-100 elementor-field-required\">\n\t\t\t\t\t\t\t\t\t\t\t\t<label for=\"form-field-email\" class=\"elementor-field-label\">\n\t\t\t\t\t\t\t\tEmail\t\t\t\t\t\t\t<\/label>\n\t\t\t\t\t\t\t\t\t\t\t\t\t\t<input size=\"1\" type=\"email\" name=\"form_fields[email]\" id=\"form-field-email\" class=\"elementor-field elementor-size-sm  elementor-field-textual\" required=\"required\" aria-required=\"true\">\n\t\t\t\t\t\t\t\t\t\t\t<\/div>\n\t\t\t\t\t\t\t\t<div class=\"elementor-field-group elementor-column elementor-field-type-submit elementor-col-100 e-form__buttons\">\n\t\t\t\t\t<button type=\"submit\" class=\"elementor-button elementor-size-sm\">\n\t\t\t\t\t\t<span >\n\t\t\t\t\t\t\t\t\t\t\t\t\t\t\t<span class=\" elementor-button-icon\">\n\t\t\t\t\t\t\t\t\t\t\t\t\t\t\t\t\t\t\t\t\t\t\t\t\t\t<\/span>\n\t\t\t\t\t\t\t\t\t\t\t\t\t\t\t\t\t\t\t\t\t\t<span class=\"elementor-button-text\">PO\u0160ALJI<\/span>\n\t\t\t\t\t\t\t\t\t\t\t\t\t<\/span>\n\t\t\t\t\t<\/button>\n\t\t\t\t<\/div>\n\t\t\t<\/div>\n\t\t<\/form>\n\t\t\t\t\t\t<\/div>\n\t\t\t\t<\/div>\n\t\t\t\t\t<\/div>\n\t\t\t\t<\/div>\n\t\t\t\t<\/div>\n\t\t","protected":false},"excerpt":{"rendered":"<p>Kafa JAVA U Kafeteriji JAVA verujemo da dobra kafa po\u010dinje dobrim zrnom. Zato koristimo isklju\u010divo pa\u017eljivo odabranu, visokokvalitetnu kafu poreklom sa planta\u017ea koje neguju tradiciju, \u010disto\u0107u tla i odr\u017eivu proizvodnju. Na\u0161a zrna pr\u017eena su u malim serijama kako bi svaka \u0161oljica zadr\u017eala punu aromu, prirodnu slatko\u0107u i prepoznatljivu dubinu ukusa.A ono najbolje? Istu tu kafu [&hellip;]<\/p>\n","protected":false},"author":1,"featured_media":0,"parent":0,"menu_order":0,"comment_status":"closed","ping_status":"closed","template":"","meta":{"footnotes":""},"class_list":["post-71","page","type-page","status-publish","hentry"],"yoast_head":"<!-- This site is optimized with the Yoast SEO plugin v26.6 - https:\/\/yoast.com\/wordpress\/plugins\/seo\/ -->\n<title>Kafa JAVA - Kafeterija JAVA<\/title>\n<meta name=\"robots\" content=\"index, follow, max-snippet:-1, max-image-preview:large, max-video-preview:-1\" \/>\n<link rel=\"canonical\" href=\"https:\/\/170.edukovac.xyz\/\" \/>\n<meta property=\"og:locale\" content=\"en_US\" \/>\n<meta property=\"og:type\" content=\"article\" \/>\n<meta property=\"og:title\" content=\"Kafa JAVA - Kafeterija JAVA\" \/>\n<meta property=\"og:description\" content=\"Kafa JAVA U Kafeteriji JAVA verujemo da dobra kafa po\u010dinje dobrim zrnom. Zato koristimo isklju\u010divo pa\u017eljivo odabranu, visokokvalitetnu kafu poreklom sa planta\u017ea koje neguju tradiciju, \u010disto\u0107u tla i odr\u017eivu proizvodnju. Na\u0161a zrna pr\u017eena su u malim serijama kako bi svaka \u0161oljica zadr\u017eala punu aromu, prirodnu slatko\u0107u i prepoznatljivu dubinu ukusa.A ono najbolje? Istu tu kafu [&hellip;]\" \/>\n<meta property=\"og:url\" content=\"https:\/\/170.edukovac.xyz\/\" \/>\n<meta property=\"og:site_name\" content=\"Kafeterija JAVA\" \/>\n<meta property=\"article:modified_time\" content=\"2025-11-22T20:58:32+00:00\" \/>\n<meta name=\"twitter:card\" content=\"summary_large_image\" \/>\n<meta name=\"twitter:label1\" content=\"Est. reading time\" \/>\n\t<meta name=\"twitter:data1\" content=\"1 minute\" \/>\n<script type=\"application\/ld+json\" class=\"yoast-schema-graph\">{\"@context\":\"https:\/\/schema.org\",\"@graph\":[{\"@type\":\"WebPage\",\"@id\":\"https:\/\/170.edukovac.xyz\/\",\"url\":\"https:\/\/170.edukovac.xyz\/\",\"name\":\"Kafa JAVA - Kafeterija JAVA\",\"isPartOf\":{\"@id\":\"https:\/\/170.edukovac.xyz\/#website\"},\"datePublished\":\"2025-11-21T14:33:15+00:00\",\"dateModified\":\"2025-11-22T20:58:32+00:00\",\"breadcrumb\":{\"@id\":\"https:\/\/170.edukovac.xyz\/#breadcrumb\"},\"inLanguage\":\"en-US\",\"potentialAction\":[{\"@type\":\"ReadAction\",\"target\":[\"https:\/\/170.edukovac.xyz\/\"]}]},{\"@type\":\"BreadcrumbList\",\"@id\":\"https:\/\/170.edukovac.xyz\/#breadcrumb\",\"itemListElement\":[{\"@type\":\"ListItem\",\"position\":1,\"name\":\"Home\",\"item\":\"https:\/\/170.edukovac.xyz\/\"},{\"@type\":\"ListItem\",\"position\":2,\"name\":\"Kafa JAVA\"}]},{\"@type\":\"WebSite\",\"@id\":\"https:\/\/170.edukovac.xyz\/#website\",\"url\":\"https:\/\/170.edukovac.xyz\/\",\"name\":\"Kafeterija JAVA\",\"description\":\"\",\"potentialAction\":[{\"@type\":\"SearchAction\",\"target\":{\"@type\":\"EntryPoint\",\"urlTemplate\":\"https:\/\/170.edukovac.xyz\/?s={search_term_string}\"},\"query-input\":{\"@type\":\"PropertyValueSpecification\",\"valueRequired\":true,\"valueName\":\"search_term_string\"}}],\"inLanguage\":\"en-US\"}]}<\/script>\n<!-- \/ Yoast SEO plugin. -->","yoast_head_json":{"title":"Kafa JAVA - Kafeterija JAVA","robots":{"index":"index","follow":"follow","max-snippet":"max-snippet:-1","max-image-preview":"max-image-preview:large","max-video-preview":"max-video-preview:-1"},"canonical":"https:\/\/170.edukovac.xyz\/","og_locale":"en_US","og_type":"article","og_title":"Kafa JAVA - Kafeterija JAVA","og_description":"Kafa JAVA U Kafeteriji JAVA verujemo da dobra kafa po\u010dinje dobrim zrnom. Zato koristimo isklju\u010divo pa\u017eljivo odabranu, visokokvalitetnu kafu poreklom sa planta\u017ea koje neguju tradiciju, \u010disto\u0107u tla i odr\u017eivu proizvodnju. Na\u0161a zrna pr\u017eena su u malim serijama kako bi svaka \u0161oljica zadr\u017eala punu aromu, prirodnu slatko\u0107u i prepoznatljivu dubinu ukusa.A ono najbolje? Istu tu kafu [&hellip;]","og_url":"https:\/\/170.edukovac.xyz\/","og_site_name":"Kafeterija JAVA","article_modified_time":"2025-11-22T20:58:32+00:00","twitter_card":"summary_large_image","twitter_misc":{"Est. reading time":"1 minute"},"schema":{"@context":"https:\/\/schema.org","@graph":[{"@type":"WebPage","@id":"https:\/\/170.edukovac.xyz\/","url":"https:\/\/170.edukovac.xyz\/","name":"Kafa JAVA - Kafeterija JAVA","isPartOf":{"@id":"https:\/\/170.edukovac.xyz\/#website"},"datePublished":"2025-11-21T14:33:15+00:00","dateModified":"2025-11-22T20:58:32+00:00","breadcrumb":{"@id":"https:\/\/170.edukovac.xyz\/#breadcrumb"},"inLanguage":"en-US","potentialAction":[{"@type":"ReadAction","target":["https:\/\/170.edukovac.xyz\/"]}]},{"@type":"BreadcrumbList","@id":"https:\/\/170.edukovac.xyz\/#breadcrumb","itemListElement":[{"@type":"ListItem","position":1,"name":"Home","item":"https:\/\/170.edukovac.xyz\/"},{"@type":"ListItem","position":2,"name":"Kafa JAVA"}]},{"@type":"WebSite","@id":"https:\/\/170.edukovac.xyz\/#website","url":"https:\/\/170.edukovac.xyz\/","name":"Kafeterija JAVA","description":"","potentialAction":[{"@type":"SearchAction","target":{"@type":"EntryPoint","urlTemplate":"https:\/\/170.edukovac.xyz\/?s={search_term_string}"},"query-input":{"@type":"PropertyValueSpecification","valueRequired":true,"valueName":"search_term_string"}}],"inLanguage":"en-US"}]}},"_links":{"self":[{"href":"https:\/\/170.edukovac.xyz\/index.php\/wp-json\/wp\/v2\/pages\/71","targetHints":{"allow":["GET"]}}],"collection":[{"href":"https:\/\/170.edukovac.xyz\/index.php\/wp-json\/wp\/v2\/pages"}],"about":[{"href":"https:\/\/170.edukovac.xyz\/index.php\/wp-json\/wp\/v2\/types\/page"}],"author":[{"embeddable":true,"href":"https:\/\/170.edukovac.xyz\/index.php\/wp-json\/wp\/v2\/users\/1"}],"replies":[{"embeddable":true,"href":"https:\/\/170.edukovac.xyz\/index.php\/wp-json\/wp\/v2\/comments?post=71"}],"version-history":[{"count":18,"href":"https:\/\/170.edukovac.xyz\/index.php\/wp-json\/wp\/v2\/pages\/71\/revisions"}],"predecessor-version":[{"id":137,"href":"https:\/\/170.edukovac.xyz\/index.php\/wp-json\/wp\/v2\/pages\/71\/revisions\/137"}],"wp:attachment":[{"href":"https:\/\/170.edukovac.xyz\/index.php\/wp-json\/wp\/v2\/media?parent=71"}],"curies":[{"name":"wp","href":"https:\/\/api.w.org\/{rel}","templated":true}]}}